{"id":379,"date":"2025-11-20T14:24:57","date_gmt":"2025-11-20T14:24:57","guid":{"rendered":"https:\/\/dec-art.ro\/?page_id=379"},"modified":"2025-11-25T09:59:47","modified_gmt":"2025-11-25T09:59:47","slug":"politica-de-cookies","status":"publish","type":"page","link":"https:\/\/dec-art.ro\/en\/politica-de-cookies\/","title":{"rendered":"Politica de cookies"},"content":{"rendered":"<div data-elementor-type=\"wp-page\" data-elementor-id=\"379\" class=\"elementor elementor-379\" data-elementor-post-type=\"page\">\n\t\t\t\t<div class=\"elementor-element elementor-element-aec5a0e e-flex e-con-boxed e-con e-parent\" data-id=\"aec5a0e\" data-element_type=\"container\" data-e-type=\"container\">\n\t\t\t\t\t<div class=\"e-con-inner\">\n\t\t\t\t<div class=\"elementor-element elementor-element-5adc798 elementor-widget elementor-widget-heading\" data-id=\"5adc798\" data-element_type=\"widget\" data-e-type=\"widget\" data-widget_type=\"heading.default\">\n\t\t\t\t<div class=\"elementor-widget-container\">\n\t\t\t\t\t<h2 class=\"elementor-heading-title elementor-size-default\">Politica de cookies<\/h2>\t\t\t\t<\/div>\n\t\t\t\t<\/div>\n\t\t\t\t<div class=\"elementor-element elementor-element-0e3dc7f elementor-widget elementor-widget-text-editor\" data-id=\"0e3dc7f\" data-element_type=\"widget\" data-e-type=\"widget\" data-widget_type=\"text-editor.default\">\n\t\t\t\t<div class=\"elementor-widget-container\">\n\t\t\t\t\t\t\t\t\t<div data-elementor-type=\"wp-page\" data-elementor-id=\"315\" data-elementor-post-type=\"page\"><div data-id=\"ceee121\" data-element_type=\"container\"><div data-id=\"032e2d2\" data-element_type=\"widget\" data-widget_type=\"text-editor.default\"><ol><li><strong>Ce este un cookie?<\/strong><\/li><\/ol><p>Un cookie este un fi\u0219ier de mici dimensiuni, ce con\u021bine litere \u0219i numere, desc\u0103rcat pe computerul \u00een momentul \u00een care accesa\u021bi anumite site-uri web. \u00cen general, cookie-urile permit unui site web s\u0103 recunoasc\u0103 computerul unui utilizator.<\/p><p>Cel mai important lucru de \u0219tiut despre cookie-urile utilizare de c\u0103tre noi este c\u0103 acestea fac site-ul nostru un pic mai u\u0219or de utilizat, de exemplu, prin memorarea set\u0103rilor pe care le-a\u021bi f\u0103cut.<\/p><ol start=\"2\"><li><strong>De ce folosim cookie-uri?<\/strong><\/li><\/ol><p>Folosim aceste cookie-uri \u0219i alte tehnologii similare pentru mai diverse scopuri, inclusiv:<\/p><ul><li>S\u0103 v\u0103 p\u0103str\u0103m autentifica\u021bi<\/li><li>S\u0103 memor\u0103m op\u021biunile \u0219i preferin\u021bele alese pe site<\/li><li>S\u0103 v\u0103 putem oferi servicii pentru care a\u021bi optat<\/li><li>S\u0103 \u00een\u021belegem mai bine cum utiliza\u021bi site-ul<\/li><li>S\u0103 monitoriz\u0103m \u0219i s\u0103 analiz\u0103m performan\u021bele, opera\u021biunile \u0219i eficacitatea site-ul, pentru \u00eembun\u0103t\u0103\u021biri ulterioare<\/li><li>S\u0103 \u00een\u021belegem \u0219i s\u0103 \u00eembun\u0103t\u0103\u021bim impactul campaniilor noastre de marketing<\/li><li>Pentru motive de securitate \u0219i protec\u021bie \u00eempotriva tentativelor de fraud\u0103 sau atacuri cibernetice<\/li><\/ul><p><strong>Cookie-urile utilizate de c\u0103tre noi pot fi \u00eemp\u0103r\u021bite \u00een 2 categorii:<\/strong><\/p><ul><li>\u201cFirst-party Cookies\u201d \u2013 Cookie-uri implementate de c\u0103tre noi<\/li><li>\u201cThird-party Cookies\u201d \u2013 Cookie-uri care sunt implementate sau utilizate de c\u0103tre companii ter\u021be a c\u0103ror servicii le utiliz\u0103m<\/li><\/ul><p>Este important s\u0103 re\u021bine\u021bi c\u0103 noi nu putem accesa cookie-urile \u201cThird-party\u201d \u0219i c\u0103 nici al\u021bi ter\u021bi nu pot accesa cookie-urile implementate de c\u0103tre noi. Nu permitem ter\u021bilor s\u0103 utilizeze cookie-urile pentru alte scopuri dec\u00e2t cele precizate \u00een urm\u0103toarea sec\u021biune.<\/p><p>\u00a0<\/p><p><strong>Durata:<\/strong><\/p><p>\u00cen func\u021bie de scopul lor, cookie-urile se p\u0103streaz\u0103 pe durate diferite. Exist\u0103 cookie-uri ce se p\u0103streaz\u0103 pe durata unei sesiuni de navigare \u0219i cookie-uri care persist\u0103:<\/p><ol><li>Cookie-uri care se p\u0103streaz\u0103 pe durata unei sesiuni de navigare. Aceste cookie-uri sunt \u0219terse automat \u00een momentul \u00een care \u00eenchide\u021bi browserul(ex: Google Chrome, Microsoft Edge, Mozilla Firefox, Safari).<\/li><li>Cookie-uri care persist\u0103. Acestea se p\u0103streaz\u0103 \u0219i dup\u0103 ce \u00eenchide\u021bi browserul. Rezist\u0103 at\u00e2t timp c\u00e2t este afi\u0219at \u00een cookie.<\/li><\/ol><p><strong>Categorii:<\/strong><\/p><p>Cookie-urile utilizate pe site-ul nostru se \u00eempart \u00een 4 categorii:<\/p><ol><li>Cookie-uri esen\u021biale, aferente utiliz\u0103rii de baz\u0103 a site-ului, ce asigur\u0103 securitatea \u0219i accesul \u00een sec\u021biuni private ale site-ului(ex: v\u0103 p\u0103streaz\u0103 autentifica\u021bi \u0219i permit acces \u00een sec\u021biunea \u201cContul meu\u201d).<\/li><li>Cookie-urile de analiz\u0103. Acestea ne permit s\u0103 \u00een\u021belegem cum utiliza\u021bi site-ul(ex: ce pagini accesa\u021bi, c\u00e2t timp petrece\u021bi pe acestea) \u0219i cum l-am putea \u00eembun\u0103t\u0103\u021bii sau cum am putea rezolva erori\/probleme legate de performan\u021b\u0103.<\/li><li>Cookie-uri func\u021bionale. Acestea sunt utilizate pentru a memora preferin\u021bele personale(ex: limba pe care a\u021bi ales-o s\u0103 fie afi\u0219at\u0103) \u0219i a v\u0103 \u00eembun\u0103t\u0103\u021bii experien\u021ba de utilizare.<\/li><li>Cookie-uri de marketing. Aceste sunt utilizate pentru a colecta informa\u021bii despre impactul campaniilor noastre de publicitate(ex: c\u00e2\u021bi utilizatori \u00eenregistra\u021bi au accesat o reclama; c\u00e2\u021bi utilizatori ne\u00eenregistra\u021bi au accesat o reclam\u0103.<\/li><\/ol><\/div><\/div><\/div>\t\t\t\t\t\t\t\t<\/div>\n\t\t\t\t<\/div>\n\t\t\t\t\t<\/div>\n\t\t\t\t<\/div>\n\t\t\t\t<\/div>","protected":false},"excerpt":{"rendered":"<p>Politica de cookies Ce este un cookie? Un cookie este un fi\u0219ier de mici dimensiuni, ce con\u021bine litere \u0219i numere, desc\u0103rcat pe computerul \u00een momentul \u00een care accesa\u021bi anumite site-uri web. \u00cen general, cookie-urile permit unui site web s\u0103 recunoasc\u0103 computerul unui utilizator. Cel mai important lucru de \u0219tiut despre cookie-urile utilizare de c\u0103tre noi [&hellip;]<\/p>\n","protected":false},"author":1,"featured_media":0,"parent":0,"menu_order":0,"comment_status":"closed","ping_status":"closed","template":"","meta":{"footnotes":""},"class_list":["post-379","page","type-page","status-publish","hentry"],"_links":{"self":[{"href":"https:\/\/dec-art.ro\/en\/wp-json\/wp\/v2\/pages\/379","targetHints":{"allow":["GET"]}}],"collection":[{"href":"https:\/\/dec-art.ro\/en\/wp-json\/wp\/v2\/pages"}],"about":[{"href":"https:\/\/dec-art.ro\/en\/wp-json\/wp\/v2\/types\/page"}],"author":[{"embeddable":true,"href":"https:\/\/dec-art.ro\/en\/wp-json\/wp\/v2\/users\/1"}],"replies":[{"embeddable":true,"href":"https:\/\/dec-art.ro\/en\/wp-json\/wp\/v2\/comments?post=379"}],"version-history":[{"count":4,"href":"https:\/\/dec-art.ro\/en\/wp-json\/wp\/v2\/pages\/379\/revisions"}],"predecessor-version":[{"id":383,"href":"https:\/\/dec-art.ro\/en\/wp-json\/wp\/v2\/pages\/379\/revisions\/383"}],"wp:attachment":[{"href":"https:\/\/dec-art.ro\/en\/wp-json\/wp\/v2\/media?parent=379"}],"curies":[{"name":"wp","href":"https:\/\/api.w.org\/{rel}","templated":true}]}}