{"id":1005,"date":"2026-02-21T20:05:30","date_gmt":"2026-02-21T20:05:30","guid":{"rendered":"https:\/\/dec-art.ro\/?post_type=product&#038;p=1005"},"modified":"2026-02-21T20:12:09","modified_gmt":"2026-02-21T20:12:09","slug":"tricou-pescuit-la-crap-personalizat","status":"publish","type":"product","link":"https:\/\/dec-art.ro\/en\/product\/tricou-pescuit-la-crap-personalizat\/","title":{"rendered":"Tricou Pescuit la Crap Personalizat"},"content":{"rendered":"<h2 data-start=\"98\" data-end=\"162\">Tricou Pescuit Personalizat \u2013 Confort \u0219i Stil pentru Pescari<\/h2>\n<p data-start=\"164\" data-end=\"413\">Acest tricou pescuit personalizat este alegerea ideal\u0103 pentru pescarii care vor s\u0103 \u00eembine pasiunea pentru pescuit cu un stil unic. Realizat din bumbac 100%, ofer\u0103 confort sporit \u0219i respirabilitate, fiind perfect pentru partidele lungi pe malul apei.<\/p>\n<p data-start=\"415\" data-end=\"587\"><img decoding=\"async\" class=\"emoji\" role=\"img\" draggable=\"false\" src=\"https:\/\/s.w.org\/images\/core\/emoji\/17.0.2\/svg\/2714.svg\" alt=\"\u2714\" \/>\u00a0Material 100% bumbac, moale \u0219i rezistent<br data-start=\"457\" data-end=\"460\" \/><img decoding=\"async\" class=\"emoji\" role=\"img\" draggable=\"false\" src=\"https:\/\/s.w.org\/images\/core\/emoji\/17.0.2\/svg\/2714.svg\" alt=\"\u2714\" \/>\u00a0Print DTF de calitate superioar\u0103<br data-start=\"494\" data-end=\"497\" \/><img decoding=\"async\" class=\"emoji\" role=\"img\" draggable=\"false\" src=\"https:\/\/s.w.org\/images\/core\/emoji\/17.0.2\/svg\/2714.svg\" alt=\"\u2714\" \/>\u00a0Personalizare inclus\u0103 \u00een pre\u021b<br data-start=\"528\" data-end=\"531\" \/><img decoding=\"async\" class=\"emoji\" role=\"img\" draggable=\"false\" src=\"https:\/\/s.w.org\/images\/core\/emoji\/17.0.2\/svg\/2714.svg\" alt=\"\u2714\" \/>\u00a0Realizat la comand\u0103, \u00een func\u021bie de preferin\u021bele tale<\/p>\n<p data-start=\"589\" data-end=\"713\">Dup\u0103 plasarea comenzii, echipa noastr\u0103 te va contacta pentru stabilirea detaliilor de personalizare (nume, logo, text etc.).<\/p>\n<p data-start=\"715\" data-end=\"837\">Alege un tricou pescuit personalizat care te reprezint\u0103 \u0219i transform\u0103 fiecare ie\u0219ire la pescuit \u00eentr-o experien\u021b\u0103 cu stil.<\/p>","protected":false},"excerpt":{"rendered":"<p>Tricou Pescuit Personalizat \u2013 Confort \u0219i Stil pentru Pescari Acest tricou pescuit personalizat este alegerea ideal\u0103 pentru pescarii care vor s\u0103 \u00eembine pasiunea pentru pescuit cu un stil unic. Realizat din bumbac 100%, ofer\u0103 confort sporit \u0219i respirabilitate, fiind perfect pentru partidele lungi pe malul apei. \u00a0Material 100% bumbac, moale \u0219i rezistent\u00a0Print DTF de calitate [&hellip;]<\/p>\n","protected":false},"featured_media":1007,"comment_status":"open","ping_status":"closed","template":"","meta":[],"product_brand":[],"product_cat":[15,41],"product_tag":[],"class_list":{"0":"post-1005","1":"product","2":"type-product","3":"status-publish","4":"has-post-thumbnail","6":"product_cat-uncategorized","7":"product_cat-echipamente-de-pescuit-si-vanatoare-personalizate","9":"first","10":"instock","11":"shipping-taxable","12":"purchasable","13":"product-type-simple"},"_links":{"self":[{"href":"https:\/\/dec-art.ro\/en\/wp-json\/wp\/v2\/product\/1005","targetHints":{"allow":["GET"]}}],"collection":[{"href":"https:\/\/dec-art.ro\/en\/wp-json\/wp\/v2\/product"}],"about":[{"href":"https:\/\/dec-art.ro\/en\/wp-json\/wp\/v2\/types\/product"}],"replies":[{"embeddable":true,"href":"https:\/\/dec-art.ro\/en\/wp-json\/wp\/v2\/comments?post=1005"}],"wp:featuredmedia":[{"embeddable":true,"href":"https:\/\/dec-art.ro\/en\/wp-json\/wp\/v2\/media\/1007"}],"wp:attachment":[{"href":"https:\/\/dec-art.ro\/en\/wp-json\/wp\/v2\/media?parent=1005"}],"wp:term":[{"taxonomy":"product_brand","embeddable":true,"href":"https:\/\/dec-art.ro\/en\/wp-json\/wp\/v2\/product_brand?post=1005"},{"taxonomy":"product_cat","embeddable":true,"href":"https:\/\/dec-art.ro\/en\/wp-json\/wp\/v2\/product_cat?post=1005"},{"taxonomy":"product_tag","embeddable":true,"href":"https:\/\/dec-art.ro\/en\/wp-json\/wp\/v2\/product_tag?post=1005"}],"curies":[{"name":"wp","href":"https:\/\/api.w.org\/{rel}","templated":true}]}}