{"id":1170,"date":"2026-03-17T08:52:29","date_gmt":"2026-03-17T08:52:29","guid":{"rendered":"https:\/\/dec-art.ro\/?post_type=product&#038;p=1170"},"modified":"2026-03-17T08:53:36","modified_gmt":"2026-03-17T08:53:36","slug":"set-decor-paste-3-piese-iepuras-si-ou","status":"publish","type":"product","link":"https:\/\/dec-art.ro\/en\/product\/set-decor-paste-3-piese-iepuras-si-ou\/","title":{"rendered":"Set decor Pa\u0219te 3 piese iepura\u0219 \u0219i ou"},"content":{"rendered":"<p data-start=\"229\" data-end=\"478\">Adaug\u0103 un plus de farmec decorului de Pa\u0219te cu acest set decorativ format din 3 piese, realizate din polistiren. Designul simplu \u0219i elegant, \u00een culoare alb\u0103 cu accente ro\u0219ii, \u00eel face potrivit pentru orice tip de decor \u2013 modern, clasic sau comercial.<\/p>\n<p data-start=\"480\" data-end=\"699\">Setul con\u021bine un iepura\u0219 decorativ \u0219i dou\u0103 elemente tip ou spart, cre\u00e2nd un efect vizual pl\u0103cut \u0219i echilibrat. Este ideal pentru decorarea locuin\u021bei, vitrinelor sau spa\u021biilor comerciale \u00een perioada s\u0103rb\u0103torilor pascale.<\/p>\n<p data-start=\"701\" data-end=\"821\">Datorit\u0103 materialului u\u0219or (polistiren), produsele sunt u\u0219or de mutat \u0219i pozi\u021bionat, oferind flexibilitate \u00een amenajare.<\/p>\n<hr data-start=\"823\" data-end=\"826\" \/>\n<h3 data-section-id=\"2s7thy\" data-start=\"828\" data-end=\"847\">\u2728 <strong data-start=\"834\" data-end=\"847\">Avantaje:<\/strong><\/h3>\n<ul data-start=\"848\" data-end=\"1049\">\n<li data-section-id=\"wq0p7d\" data-start=\"848\" data-end=\"883\">\n<p data-start=\"850\" data-end=\"883\">set decorativ complet \u2013 3 piese<\/p>\n<\/li>\n<li data-section-id=\"1gwcezb\" data-start=\"884\" data-end=\"916\">\n<p data-start=\"886\" data-end=\"916\">design minimalist \u0219i elegant<\/p>\n<\/li>\n<li data-section-id=\"k70r8g\" data-start=\"917\" data-end=\"966\">\n<p data-start=\"919\" data-end=\"966\">realizate din polistiren (u\u0219oare \u0219i practice)<\/p>\n<\/li>\n<li data-section-id=\"l31cn7\" data-start=\"967\" data-end=\"1002\">\n<p data-start=\"969\" data-end=\"1002\">u\u0219or de integrat \u00een orice decor<\/p>\n<\/li>\n<li data-section-id=\"mk8k58\" data-start=\"1003\" data-end=\"1049\">\n<p data-start=\"1005\" data-end=\"1049\">ideale pentru vitrine \u0219i decoruri tematice<\/p>\n<\/li>\n<\/ul>\n<hr data-start=\"1051\" data-end=\"1054\" \/>\n<h3 data-section-id=\"bt91v1\" data-start=\"1056\" data-end=\"1077\">\ud83d\udccd <strong data-start=\"1063\" data-end=\"1077\">Utilizare:<\/strong><\/h3>\n<ul data-start=\"1078\" data-end=\"1165\">\n<li data-section-id=\"7q0zz9\" data-start=\"1078\" data-end=\"1092\">\n<p data-start=\"1080\" data-end=\"1092\">decor cas\u0103<\/p>\n<\/li>\n<li data-section-id=\"h2a75\" data-start=\"1093\" data-end=\"1113\">\n<p data-start=\"1095\" data-end=\"1113\">vitrine magazine<\/p>\n<\/li>\n<li data-section-id=\"shddvp\" data-start=\"1114\" data-end=\"1141\">\n<p data-start=\"1116\" data-end=\"1141\">restaurante \/ cofet\u0103rii<\/p>\n<\/li>\n<li data-section-id=\"1oqgm46\" data-start=\"1142\" data-end=\"1165\">\n<p data-start=\"1144\" data-end=\"1165\">evenimente de Pa\u0219te<\/p>\n<\/li>\n<\/ul>","protected":false},"excerpt":{"rendered":"<p>Adaug\u0103 un plus de farmec decorului de Pa\u0219te cu acest set decorativ format din 3 piese, realizate din polistiren. Designul simplu \u0219i elegant, \u00een culoare alb\u0103 cu accente ro\u0219ii, \u00eel face potrivit pentru orice tip de decor \u2013 modern, clasic sau comercial. Setul con\u021bine un iepura\u0219 decorativ \u0219i dou\u0103 elemente tip ou spart, cre\u00e2nd un [&hellip;]<\/p>\n","protected":false},"featured_media":1171,"comment_status":"open","ping_status":"closed","template":"","meta":[],"product_brand":[],"product_cat":[15,52],"product_tag":[],"class_list":{"0":"post-1170","1":"product","2":"type-product","3":"status-publish","4":"has-post-thumbnail","6":"product_cat-uncategorized","7":"product_cat-decoratiuni-de-paste","9":"first","10":"instock","11":"sale","12":"shipping-taxable","13":"purchasable","14":"product-type-simple"},"_links":{"self":[{"href":"https:\/\/dec-art.ro\/en\/wp-json\/wp\/v2\/product\/1170","targetHints":{"allow":["GET"]}}],"collection":[{"href":"https:\/\/dec-art.ro\/en\/wp-json\/wp\/v2\/product"}],"about":[{"href":"https:\/\/dec-art.ro\/en\/wp-json\/wp\/v2\/types\/product"}],"replies":[{"embeddable":true,"href":"https:\/\/dec-art.ro\/en\/wp-json\/wp\/v2\/comments?post=1170"}],"wp:featuredmedia":[{"embeddable":true,"href":"https:\/\/dec-art.ro\/en\/wp-json\/wp\/v2\/media\/1171"}],"wp:attachment":[{"href":"https:\/\/dec-art.ro\/en\/wp-json\/wp\/v2\/media?parent=1170"}],"wp:term":[{"taxonomy":"product_brand","embeddable":true,"href":"https:\/\/dec-art.ro\/en\/wp-json\/wp\/v2\/product_brand?post=1170"},{"taxonomy":"product_cat","embeddable":true,"href":"https:\/\/dec-art.ro\/en\/wp-json\/wp\/v2\/product_cat?post=1170"},{"taxonomy":"product_tag","embeddable":true,"href":"https:\/\/dec-art.ro\/en\/wp-json\/wp\/v2\/product_tag?post=1170"}],"curies":[{"name":"wp","href":"https:\/\/api.w.org\/{rel}","templated":true}]}}