{"id":471,"date":"2025-11-24T20:08:16","date_gmt":"2025-11-24T20:08:16","guid":{"rendered":"https:\/\/dec-art.ro\/?post_type=product&#038;p=471"},"modified":"2025-11-24T20:09:49","modified_gmt":"2025-11-24T20:09:49","slug":"scena-nasterii-domnului-set-figurine","status":"publish","type":"product","link":"https:\/\/dec-art.ro\/en\/product\/scena-nasterii-domnului-set-figurine\/","title":{"rendered":"Scena Na\u0219terii Domnului \u2013 Set Figurine"},"content":{"rendered":"<h1>Scena Na\u0219terii Domnului \u2013 Set Figurine<\/h1>\n<h2 data-start=\"89\" data-end=\"165\"><strong data-start=\"92\" data-end=\"165\">Scena Na\u0219terii Domnului \u2013 Set Figurine din Polistiren Expandat (5 cm)<\/strong><\/h2>\n<p data-start=\"167\" data-end=\"449\">Adu \u00een casa ta emo\u021bia S\u0103rb\u0103torilor cu o <strong data-start=\"207\" data-end=\"236\">Scen\u0103 a Na\u0219terii Domnului<\/strong> realizat\u0103 din <strong data-start=\"251\" data-end=\"299\">polistiren expandat de densitate mare (5 cm)<\/strong>. Setul este ideal pentru decor interior sau exterior, vitrine, spa\u021bii comerciale, biserici, evenimente tematice \u0219i col\u021buri foto dedicate Cr\u0103ciunului.<\/p>\n<h3 data-start=\"451\" data-end=\"479\"><strong data-start=\"455\" data-end=\"479\">Dimensiuni figurine:<\/strong><\/h3>\n<ul data-start=\"480\" data-end=\"615\">\n<li data-start=\"480\" data-end=\"510\">\n<p data-start=\"482\" data-end=\"510\"><strong data-start=\"482\" data-end=\"492\">Iosif:<\/strong> 100 cm \u00een\u0103l\u021bime<\/p>\n<\/li>\n<li data-start=\"511\" data-end=\"540\">\n<p data-start=\"513\" data-end=\"540\"><strong data-start=\"513\" data-end=\"523\">Maria:<\/strong> 70 cm \u00een\u0103l\u021bime<\/p>\n<\/li>\n<li data-start=\"541\" data-end=\"593\">\n<p data-start=\"543\" data-end=\"593\"><strong data-start=\"543\" data-end=\"560\">Pruncul Isus:<\/strong> 50 cm \u00een\u0103l\u021bime \/ 100 cm l\u0103\u021bime<\/p>\n<\/li>\n<li data-start=\"594\" data-end=\"615\">\n<p data-start=\"596\" data-end=\"615\"><strong data-start=\"596\" data-end=\"607\">Steaua:<\/strong> 40 cm<\/p>\n<\/li>\n<\/ul>\n<h3 data-start=\"617\" data-end=\"634\"><strong data-start=\"621\" data-end=\"634\">Material:<\/strong><\/h3>\n<ul data-start=\"635\" data-end=\"738\">\n<li data-start=\"635\" data-end=\"676\">\n<p data-start=\"637\" data-end=\"676\">Polistiren expandat cu densitate mare<\/p>\n<\/li>\n<li data-start=\"677\" data-end=\"698\">\n<p data-start=\"679\" data-end=\"698\">Grosime: <strong data-start=\"688\" data-end=\"696\">5 cm<\/strong><\/p>\n<\/li>\n<li data-start=\"699\" data-end=\"738\">\n<p data-start=\"701\" data-end=\"738\">U\u0219or, rezistent \u0219i simplu de montat<\/p>\n<\/li>\n<\/ul>\n<h3 data-start=\"740\" data-end=\"757\"><strong data-start=\"744\" data-end=\"757\">Avantaje:<\/strong><\/h3>\n<ul data-start=\"758\" data-end=\"958\">\n<li data-start=\"758\" data-end=\"810\">\n<p data-start=\"760\" data-end=\"810\">Potrivit pentru decoruri de interior \u0219i exterior<\/p>\n<\/li>\n<li data-start=\"811\" data-end=\"845\">\n<p data-start=\"813\" data-end=\"845\">Greutate redus\u0103, u\u0219or de fixat<\/p>\n<\/li>\n<li data-start=\"846\" data-end=\"898\">\n<p data-start=\"848\" data-end=\"898\">Design expresiv, ideal pentru amenaj\u0103ri tematice<\/p>\n<\/li>\n<\/ul>","protected":false},"excerpt":{"rendered":"<p>Scena Na\u0219terii Domnului \u2013 Set Figurine Scena Na\u0219terii Domnului \u2013 Set Figurine din Polistiren Expandat (5 cm) Adu \u00een casa ta emo\u021bia S\u0103rb\u0103torilor cu o Scen\u0103 a Na\u0219terii Domnului realizat\u0103 din polistiren expandat de densitate mare (5 cm). Setul este ideal pentru decor interior sau exterior, vitrine, spa\u021bii comerciale, biserici, evenimente tematice \u0219i col\u021buri foto [&hellip;]<\/p>\n","protected":false},"featured_media":472,"comment_status":"open","ping_status":"closed","template":"","meta":[],"product_brand":[],"product_cat":[32,35],"product_tag":[],"class_list":{"0":"post-471","1":"product","2":"type-product","3":"status-publish","4":"has-post-thumbnail","6":"product_cat-decoratiuni-de-craciun","7":"product_cat-decoratiuni-de-curte","9":"first","10":"instock","11":"sale","12":"shipping-taxable","13":"purchasable","14":"product-type-simple"},"_links":{"self":[{"href":"https:\/\/dec-art.ro\/en\/wp-json\/wp\/v2\/product\/471","targetHints":{"allow":["GET"]}}],"collection":[{"href":"https:\/\/dec-art.ro\/en\/wp-json\/wp\/v2\/product"}],"about":[{"href":"https:\/\/dec-art.ro\/en\/wp-json\/wp\/v2\/types\/product"}],"replies":[{"embeddable":true,"href":"https:\/\/dec-art.ro\/en\/wp-json\/wp\/v2\/comments?post=471"}],"wp:featuredmedia":[{"embeddable":true,"href":"https:\/\/dec-art.ro\/en\/wp-json\/wp\/v2\/media\/472"}],"wp:attachment":[{"href":"https:\/\/dec-art.ro\/en\/wp-json\/wp\/v2\/media?parent=471"}],"wp:term":[{"taxonomy":"product_brand","embeddable":true,"href":"https:\/\/dec-art.ro\/en\/wp-json\/wp\/v2\/product_brand?post=471"},{"taxonomy":"product_cat","embeddable":true,"href":"https:\/\/dec-art.ro\/en\/wp-json\/wp\/v2\/product_cat?post=471"},{"taxonomy":"product_tag","embeddable":true,"href":"https:\/\/dec-art.ro\/en\/wp-json\/wp\/v2\/product_tag?post=471"}],"curies":[{"name":"wp","href":"https:\/\/api.w.org\/{rel}","templated":true}]}}