{"id":551,"date":"2025-11-25T19:43:50","date_gmt":"2025-11-25T19:43:50","guid":{"rendered":"https:\/\/dec-art.ro\/?post_type=product&#038;p=551"},"modified":"2025-11-25T19:43:50","modified_gmt":"2025-11-25T19:43:50","slug":"set-2-cani-cuplu","status":"publish","type":"product","link":"https:\/\/dec-art.ro\/en\/product\/set-2-cani-cuplu\/","title":{"rendered":"Set 2 c\u0103ni cuplu"},"content":{"rendered":"<h1><strong data-start=\"120\" data-end=\"140\">Set 2 c\u0103ni cuplu<\/strong><\/h1>\n<p>Cadoul perfect pentru \u00eendr\u0103gosti\u021bi, anivers\u0103ri \u0219i ocazii speciale.<\/p>\n<p>Acest set include dou\u0103 c\u0103ni ceramice premium, cu design complementar, ideale pentru cupluri care vor s\u0103-\u0219i \u00eenceap\u0103 dimine\u021bile \u00eempreun\u0103.<\/p>\n<p>Culorile sunt rezistente, imprimeul durabil, iar materialul de calitate asigur\u0103 confort \u0219i utilizare \u00eendelungat\u0103.<\/p>\n<p>Perfect pentru Valentine\u2019s Day, logodn\u0103, nunt\u0103, aniversare sau ca surpriz\u0103 romantic\u0103 de zi cu zi.<\/p>\n<p>Un cadou original \u0219i util, potrivit pentru orice pereche care apreciaz\u0103 detaliile personalizate.<\/p>","protected":false},"excerpt":{"rendered":"<p>Set 2 c\u0103ni cuplu Cadoul perfect pentru \u00eendr\u0103gosti\u021bi, anivers\u0103ri \u0219i ocazii speciale. Acest set include dou\u0103 c\u0103ni ceramice premium, cu design complementar, ideale pentru cupluri care vor s\u0103-\u0219i \u00eenceap\u0103 dimine\u021bile \u00eempreun\u0103. Culorile sunt rezistente, imprimeul durabil, iar materialul de calitate asigur\u0103 confort \u0219i utilizare \u00eendelungat\u0103. Perfect pentru Valentine\u2019s Day, logodn\u0103, nunt\u0103, aniversare sau ca surpriz\u0103 [&hellip;]<\/p>\n","protected":false},"featured_media":552,"comment_status":"open","ping_status":"closed","template":"","meta":[],"product_brand":[],"product_cat":[26,31],"product_tag":[],"class_list":{"0":"post-551","1":"product","2":"type-product","3":"status-publish","4":"has-post-thumbnail","6":"product_cat-cadouri-de-craciun","7":"product_cat-cani","9":"first","10":"instock","11":"shipping-taxable","12":"purchasable","13":"product-type-simple"},"_links":{"self":[{"href":"https:\/\/dec-art.ro\/en\/wp-json\/wp\/v2\/product\/551","targetHints":{"allow":["GET"]}}],"collection":[{"href":"https:\/\/dec-art.ro\/en\/wp-json\/wp\/v2\/product"}],"about":[{"href":"https:\/\/dec-art.ro\/en\/wp-json\/wp\/v2\/types\/product"}],"replies":[{"embeddable":true,"href":"https:\/\/dec-art.ro\/en\/wp-json\/wp\/v2\/comments?post=551"}],"wp:featuredmedia":[{"embeddable":true,"href":"https:\/\/dec-art.ro\/en\/wp-json\/wp\/v2\/media\/552"}],"wp:attachment":[{"href":"https:\/\/dec-art.ro\/en\/wp-json\/wp\/v2\/media?parent=551"}],"wp:term":[{"taxonomy":"product_brand","embeddable":true,"href":"https:\/\/dec-art.ro\/en\/wp-json\/wp\/v2\/product_brand?post=551"},{"taxonomy":"product_cat","embeddable":true,"href":"https:\/\/dec-art.ro\/en\/wp-json\/wp\/v2\/product_cat?post=551"},{"taxonomy":"product_tag","embeddable":true,"href":"https:\/\/dec-art.ro\/en\/wp-json\/wp\/v2\/product_tag?post=551"}],"curies":[{"name":"wp","href":"https:\/\/api.w.org\/{rel}","templated":true}]}}