{"id":556,"date":"2025-11-26T07:33:07","date_gmt":"2025-11-26T07:33:07","guid":{"rendered":"https:\/\/dec-art.ro\/?post_type=product&#038;p=556"},"modified":"2025-11-26T07:36:51","modified_gmt":"2025-11-26T07:36:51","slug":"set-cadou-pentru-mama-cadou-de-craciun-personalizat","status":"publish","type":"product","link":"https:\/\/dec-art.ro\/en\/product\/set-cadou-pentru-mama-cadou-de-craciun-personalizat\/","title":{"rendered":"Set Cadou Pentru MAMA \u2013 Cadou de Cr\u0103ciun Personalizat"},"content":{"rendered":"<h1>Set Cadou Pentru MAMA \u2013 Cadou de Cr\u0103ciun Personalizat<\/h1>\n<p data-start=\"198\" data-end=\"541\">Surprinde persoanele dragi cu un <strong data-start=\"231\" data-end=\"255\">set cadou de Cr\u0103ciun<\/strong> unic \u0219i memorabil! Acest set este compus dintr-o <strong data-start=\"305\" data-end=\"327\">can\u0103 personalizat\u0103<\/strong> \u0219i o <strong data-start=\"333\" data-end=\"356\">pern\u0103 personalizat\u0103<\/strong>, perfecte pentru a aduce z\u00e2mbete \u0219i c\u0103ldur\u0103 \u00een sezonul s\u0103rb\u0103torilor. Este alegerea ideal\u0103 mai ales atunci c\u00e2nd e\u0219ti \u00een pan\u0103 de idei, dar vrei totu\u0219i s\u0103 oferi ceva special \u0219i cu suflet.<\/p>\n<h3 data-start=\"543\" data-end=\"568\"><strong data-start=\"547\" data-end=\"568\">Ce con\u021bine setul?<\/strong><\/h3>\n<ul data-start=\"569\" data-end=\"710\">\n<li data-start=\"569\" data-end=\"627\">\n<p data-start=\"571\" data-end=\"627\"><strong data-start=\"571\" data-end=\"597\">1 x Can\u0103 personalizat\u0103<\/strong> \u2013 design tematic de Cr\u0103ciun<\/p>\n<\/li>\n<li data-start=\"628\" data-end=\"710\">\n<p data-start=\"630\" data-end=\"710\"><strong data-start=\"630\" data-end=\"657\">1 x Pern\u0103 personalizat\u0103<\/strong> \u2013 imprimeu festiv, perfect pentru decor \u0219i confort<\/p>\n<\/li>\n<\/ul>\n<h3 data-start=\"712\" data-end=\"728\"><strong data-start=\"716\" data-end=\"728\">Avantaje<\/strong><\/h3>\n<ul data-start=\"729\" data-end=\"932\">\n<li data-start=\"729\" data-end=\"762\">\n<p data-start=\"731\" data-end=\"762\">Cadou complet, gata de oferit<\/p>\n<\/li>\n<li data-start=\"763\" data-end=\"811\">\n<p data-start=\"765\" data-end=\"811\">Personalizare unic\u0103 pentru un plus de emo\u021bie<\/p>\n<\/li>\n<li data-start=\"812\" data-end=\"877\">\n<p data-start=\"814\" data-end=\"877\">Potrivit pentru familie, prieteni, colegi sau persoana iubit\u0103<\/p>\n<\/li>\n<li data-start=\"878\" data-end=\"932\">\n<p data-start=\"880\" data-end=\"932\">Ideal pentru a crea amintiri frumoase de s\u0103rb\u0103tori<\/p>\n<\/li>\n<\/ul>\n<h3 data-start=\"934\" data-end=\"957\"><strong data-start=\"938\" data-end=\"957\">Perfect pentru:<\/strong><\/h3>\n<ul data-start=\"958\" data-end=\"1079\">\n<li data-start=\"958\" data-end=\"1006\">\n<p data-start=\"960\" data-end=\"1006\">Cadou de Cr\u0103ciun pentru [aici completezi tu]<\/p>\n<\/li>\n<li data-start=\"1007\" data-end=\"1023\">\n<p data-start=\"1009\" data-end=\"1023\">Secret Santa<\/p>\n<\/li>\n<li data-start=\"1024\" data-end=\"1044\">\n<p data-start=\"1026\" data-end=\"1044\">Surprize festive<\/p>\n<\/li>\n<li data-start=\"1045\" data-end=\"1079\">\n<p data-start=\"1047\" data-end=\"1079\">Decor de iarn\u0103 \u0219i momente cozy<\/p>\n<\/li>\n<\/ul>\n","protected":false},"excerpt":{"rendered":"<p>Set Cadou Pentru MAMA \u2013 Cadou de Cr\u0103ciun Personalizat Surprinde persoanele dragi cu un set cadou de Cr\u0103ciun unic \u0219i memorabil! Acest set este compus dintr-o can\u0103 personalizat\u0103 \u0219i o pern\u0103 personalizat\u0103, perfecte pentru a aduce z\u00e2mbete \u0219i c\u0103ldur\u0103 \u00een sezonul s\u0103rb\u0103torilor. Este alegerea ideal\u0103 mai ales atunci c\u00e2nd e\u0219ti \u00een pan\u0103 de idei, dar [&hellip;]<\/p>\n","protected":false},"featured_media":557,"comment_status":"open","ping_status":"closed","template":"","meta":[],"product_brand":[],"product_cat":[26,30],"product_tag":[],"class_list":{"0":"post-556","1":"product","2":"type-product","3":"status-publish","4":"has-post-thumbnail","6":"product_cat-cadouri-de-craciun","7":"product_cat-perne","9":"first","10":"instock","11":"sale","12":"shipping-taxable","13":"purchasable","14":"product-type-simple"},"_links":{"self":[{"href":"https:\/\/dec-art.ro\/en\/wp-json\/wp\/v2\/product\/556","targetHints":{"allow":["GET"]}}],"collection":[{"href":"https:\/\/dec-art.ro\/en\/wp-json\/wp\/v2\/product"}],"about":[{"href":"https:\/\/dec-art.ro\/en\/wp-json\/wp\/v2\/types\/product"}],"replies":[{"embeddable":true,"href":"https:\/\/dec-art.ro\/en\/wp-json\/wp\/v2\/comments?post=556"}],"wp:featuredmedia":[{"embeddable":true,"href":"https:\/\/dec-art.ro\/en\/wp-json\/wp\/v2\/media\/557"}],"wp:attachment":[{"href":"https:\/\/dec-art.ro\/en\/wp-json\/wp\/v2\/media?parent=556"}],"wp:term":[{"taxonomy":"product_brand","embeddable":true,"href":"https:\/\/dec-art.ro\/en\/wp-json\/wp\/v2\/product_brand?post=556"},{"taxonomy":"product_cat","embeddable":true,"href":"https:\/\/dec-art.ro\/en\/wp-json\/wp\/v2\/product_cat?post=556"},{"taxonomy":"product_tag","embeddable":true,"href":"https:\/\/dec-art.ro\/en\/wp-json\/wp\/v2\/product_tag?post=556"}],"curies":[{"name":"wp","href":"https:\/\/api.w.org\/{rel}","templated":true}]}}