{"id":657,"date":"2026-01-26T20:29:15","date_gmt":"2026-01-26T20:29:15","guid":{"rendered":"https:\/\/dec-art.ro\/?post_type=product&#038;p=657"},"modified":"2026-01-26T20:29:15","modified_gmt":"2026-01-26T20:29:15","slug":"cadou-8-martie-personalizat-pentru-sotie","status":"publish","type":"product","link":"https:\/\/dec-art.ro\/en\/product\/cadou-8-martie-personalizat-pentru-sotie\/","title":{"rendered":"Cadou 8 Martie Personalizat pentru SOTIE"},"content":{"rendered":"<h1>Set Cadou Pentru SOTIE\u2013 Cadou 8 Martie Personalizat pentru SOTIE<\/h1>\n<p data-start=\"198\" data-end=\"541\">Surprinde persoanele dragi cu un\u00a0<strong data-start=\"231\" data-end=\"255\">set cadou de 8 Martie<\/strong>\u00a0unic \u0219i memorabil! Acest set este compus dintr-o\u00a0<strong data-start=\"305\" data-end=\"327\">can\u0103 personalizat\u0103<\/strong>\u00a0\u0219i o\u00a0<strong data-start=\"333\" data-end=\"356\">pern\u0103 personalizat\u0103 si un aranjament cu trandafiri de sapun\u00a0<\/strong>, perfect pentru a aduce z\u00e2mbetul femii dragi din viata . Este alegerea ideal\u0103 mai ales atunci c\u00e2nd e\u0219ti \u00een pan\u0103 de idei, dar vrei totu\u0219i s\u0103 oferi ceva special \u0219i cu suflet.<\/p>\n<h3 data-start=\"543\" data-end=\"568\"><strong data-start=\"547\" data-end=\"568\">Ce con\u021bine setul?<\/strong><\/h3>\n<ul data-start=\"569\" data-end=\"710\">\n<li data-start=\"569\" data-end=\"627\">\n<p data-start=\"571\" data-end=\"627\"><strong data-start=\"571\" data-end=\"597\">1 x Can\u0103 personalizat\u0103<\/strong>\u00a0\u2013 design tematic de 8 Martie \u2013 330 ml<\/p>\n<\/li>\n<li data-start=\"628\" data-end=\"710\">\n<p data-start=\"630\" data-end=\"710\"><strong data-start=\"630\" data-end=\"657\">1 x Pern\u0103 personalizat\u0103<\/strong>\u00a0\u2013 imprimeu festiv- 25\/25 cm<\/p>\n<\/li>\n<li data-start=\"628\" data-end=\"710\">\n<h4>1 x Aranjament floral din trandafiri de sapun 25\/50cm<\/h4>\n<\/li>\n<\/ul>\n<h3 data-start=\"712\" data-end=\"728\"><strong data-start=\"716\" data-end=\"728\">Avantaje<\/strong><\/h3>\n<ul data-start=\"729\" data-end=\"932\">\n<li data-start=\"729\" data-end=\"762\">\n<p data-start=\"731\" data-end=\"762\">Cadou complet, gata de oferit<\/p>\n<\/li>\n<li data-start=\"763\" data-end=\"811\">\n<p data-start=\"765\" data-end=\"811\">Personalizare unic\u0103 pentru un plus de emo\u021bie<\/p>\n<\/li>\n<\/ul>\n<h3 data-start=\"934\" data-end=\"957\"><strong data-start=\"938\" data-end=\"957\">Perfect pentru:<\/strong><\/h3>\n<ul data-start=\"958\" data-end=\"1079\">\n<li data-start=\"958\" data-end=\"1006\">\n<p data-start=\"960\" data-end=\"1006\">Cadou de 8 Martie t<\/p>\n<\/li>\n<li data-start=\"1024\" data-end=\"1044\">\n<p data-start=\"1026\" data-end=\"1044\">Surprize festive<\/p>\n<\/li>\n<\/ul>","protected":false},"excerpt":{"rendered":"<p>Set Cadou Pentru SOTIE\u2013 Cadou 8 Martie Personalizat pentru SOTIE Surprinde persoanele dragi cu un\u00a0set cadou de 8 Martie\u00a0unic \u0219i memorabil! Acest set este compus dintr-o\u00a0can\u0103 personalizat\u0103\u00a0\u0219i o\u00a0pern\u0103 personalizat\u0103 si un aranjament cu trandafiri de sapun\u00a0, perfect pentru a aduce z\u00e2mbetul femii dragi din viata . Este alegerea ideal\u0103 mai ales atunci c\u00e2nd e\u0219ti \u00een [&hellip;]<\/p>\n","protected":false},"featured_media":658,"comment_status":"open","ping_status":"closed","template":"","meta":[],"product_brand":[],"product_cat":[50],"product_tag":[],"class_list":{"0":"post-657","1":"product","2":"type-product","3":"status-publish","4":"has-post-thumbnail","6":"product_cat-cadouri-1-8-martie","8":"first","9":"instock","10":"shipping-taxable","11":"product-type-simple"},"_links":{"self":[{"href":"https:\/\/dec-art.ro\/en\/wp-json\/wp\/v2\/product\/657","targetHints":{"allow":["GET"]}}],"collection":[{"href":"https:\/\/dec-art.ro\/en\/wp-json\/wp\/v2\/product"}],"about":[{"href":"https:\/\/dec-art.ro\/en\/wp-json\/wp\/v2\/types\/product"}],"replies":[{"embeddable":true,"href":"https:\/\/dec-art.ro\/en\/wp-json\/wp\/v2\/comments?post=657"}],"wp:featuredmedia":[{"embeddable":true,"href":"https:\/\/dec-art.ro\/en\/wp-json\/wp\/v2\/media\/658"}],"wp:attachment":[{"href":"https:\/\/dec-art.ro\/en\/wp-json\/wp\/v2\/media?parent=657"}],"wp:term":[{"taxonomy":"product_brand","embeddable":true,"href":"https:\/\/dec-art.ro\/en\/wp-json\/wp\/v2\/product_brand?post=657"},{"taxonomy":"product_cat","embeddable":true,"href":"https:\/\/dec-art.ro\/en\/wp-json\/wp\/v2\/product_cat?post=657"},{"taxonomy":"product_tag","embeddable":true,"href":"https:\/\/dec-art.ro\/en\/wp-json\/wp\/v2\/product_tag?post=657"}],"curies":[{"name":"wp","href":"https:\/\/api.w.org\/{rel}","templated":true}]}}